{"id":52,"date":"2021-03-01T10:03:41","date_gmt":"2021-03-01T10:03:41","guid":{"rendered":"http:\/\/orchesterstellen.rheinbrass.de\/?page_id=52"},"modified":"2021-06-07T17:54:11","modified_gmt":"2021-06-07T15:54:11","slug":"wagner-richard","status":"publish","type":"page","link":"https:\/\/www.trompeten-stellen.de\/?page_id=52","title":{"rendered":"WAGNER"},"content":{"rendered":"\n<h3 class=\"wp-block-heading\">Richard Wagner (1813-1883)<\/h3>\n\n\n\n<h4 class=\"wp-block-heading\"><strong>Tannh\u00e4user<\/strong><\/h4>\n\n\n\n<p><strong>2. Aufzug<\/strong><\/p>\n\n\n\n<p>3. Szene, Allegro<\/p>\n\n\n\n<ul class=\"wp-block-list\"><li><a rel=\"noreferrer noopener\" href=\"https:\/\/www.youtube.com\/watch?v=xi_C-ySuLcw&amp;t=19m55s\" target=\"_blank\">Orchester der Bayreuther Festspiele, Axel Kober<\/a><\/li><\/ul>\n\n\n\n<p>4. Szene<\/p>\n\n\n\n<ul class=\"wp-block-list\"><li><a rel=\"noreferrer noopener\" href=\"https:\/\/www.youtube.com\/watch?v=xi_C-ySuLcw&amp;t=25m57s\" target=\"_blank\">Orchester der Bayreuther Festspiele, Axel Kober<\/a><\/li><\/ul>\n\n\n\n<p>Allegro<\/p>\n\n\n\n<ul class=\"wp-block-list\"><li><a rel=\"noreferrer noopener\" href=\"https:\/\/www.youtube.com\/watch?v=xi_C-ySuLcw&amp;t=32m15s\" target=\"_blank\">Orchester der Bayreuther Festspiele, Axel Kober<\/a><\/li><\/ul>\n\n\n\n<h4 class=\"wp-block-heading\"><strong>Lohengrin<\/strong><\/h4>\n\n\n\n<p><strong>Vorspiel<\/strong><\/p>\n\n\n\n<ul class=\"wp-block-list\"><li><a rel=\"noreferrer noopener\" href=\"https:\/\/www.youtube.com\/watch?v=kSzkYafY0pM&amp;t=9m38s\" target=\"_blank\">Orchester der Mail\u00e4nder Scala, Daniel Barenboim<\/a><\/li><li><a rel=\"noreferrer noopener\" href=\"https:\/\/www.youtube.com\/watch?v=zFBoYsg-yIM&amp;t=5m32s\" target=\"_blank\">Orchester der Bayreuther Festspiele, Christian Thielemann<\/a><\/li><\/ul>\n\n\n\n<p><strong>1. Aufzug<\/strong><\/p>\n\n\n\n<p>2. Szene<\/p>\n\n\n\n<ul class=\"wp-block-list\"><li><a rel=\"noreferrer noopener\" href=\"https:\/\/www.youtube.com\/watch?v=zFBoYsg-yIM&amp;t=34m40s\" target=\"_blank\">Orchester der Bayreuther Festspiele, Christian Thielemann<\/a><\/li><\/ul>\n\n\n\n<p><strong>2. Aufzug<\/strong><\/p>\n\n\n\n<p>3. Szene<\/p>\n\n\n\n<ul class=\"wp-block-list\"><li><a rel=\"noreferrer noopener\" href=\"https:\/\/www.youtube.com\/watch?v=zFBoYsg-yIM&amp;t=1h39m06s\" target=\"_blank\">Orchester der Bayreuther Festspiele, Christian Thielemann<\/a><\/li><\/ul>\n\n\n\n<h4 class=\"wp-block-heading\"><strong><br>Der fliegende Holl\u00e4nder<\/strong><\/h4>\n\n\n\n<p><strong>Ouvert\u00fcre<\/strong><\/p>\n\n\n\n<ul class=\"wp-block-list\"><li><a rel=\"noreferrer noopener\" href=\"https:\/\/www.youtube.com\/watch?t=554&amp;v=Ezqen5-UxlQ\" target=\"_blank\">hr Sinfonieorchester, Marek Janowski<\/a><\/li><li><a rel=\"noreferrer noopener\" href=\"https:\/\/www.youtube.com\/watch?t=566&amp;v=PAa0buQz9X4\" target=\"_blank\">Orchester der Bayreuther Festspiele, Christian Thielemann<\/a><\/li><\/ul>\n\n\n\n<p><strong>1. Aufzug<\/strong><\/p>\n\n\n\n<p>Nr. 1 Introduktion<\/p>\n\n\n\n<ul class=\"wp-block-list\"><li><a rel=\"noreferrer noopener\" href=\"https:\/\/www.youtube.com\/watch?t=1222&amp;v=swvN7J3LCSA\" target=\"_blank\">Orchester der Bayreuther Festspiele, Christian Thielemann<\/a><\/li><li><a rel=\"noreferrer noopener\" href=\"https:\/\/www.youtube.com\/watch?t=1248&amp;v=b9b97PZUykE\" target=\"_blank\">Orchester der Bayreuther Festspiele, Woldemar Nelsson<\/a><\/li><\/ul>\n\n\n\n<p>Nr. 2 Arie<\/p>\n\n\n\n<ul class=\"wp-block-list\"><li><a rel=\"noreferrer noopener\" href=\"https:\/\/www.youtube.com\/watch?t=1551&amp;v=CvIIajk4M2k\" target=\"_blank\">Staatskapelle Berlin, Franz Konwitschny (1959!)<\/a><\/li><\/ul>\n\n\n\n<h4 class=\"wp-block-heading\"><strong><br>Die Meistersinger von N\u00fcrnberg<\/strong><\/h4>\n\n\n\n<p><strong>Vorspiel<\/strong><\/p>\n\n\n\n<ul class=\"wp-block-list\"><li><a rel=\"noreferrer noopener\" href=\"https:\/\/www.youtube.com\/watch?v=2KRj8GKGocs&amp;t=7m53s\" target=\"_blank\">Orchester der Bayreuther Festspiele, Philippe Jordan<\/a><\/li><li><a rel=\"noreferrer noopener\" href=\"https:\/\/www.youtube.com\/watch?v=5JUqTtzovbw&amp;t=2m30s\" target=\"_blank\">London Philharmonic, Klaus Tennstedt<\/a><\/li><\/ul>\n\n\n\n<p><strong>2. Aufzug<\/strong><\/p>\n\n\n\n<p>6. und 7. Szene (Pr\u00fcgelszene)<\/p>\n\n\n\n<ul class=\"wp-block-list\"><li><a rel=\"noreferrer noopener\" href=\"https:\/\/www.youtube.com\/watch?t=9077&amp;v=2KRj8GKGocs&amp;t=2h31m17s\" target=\"_blank\">Orchester der Bayreuther Festspiele, Philippe Jordan<\/a><\/li><\/ul>\n\n\n\n<p><strong>3. Aufzug<\/strong><\/p>\n\n\n\n<p>4. Szene<\/p>\n\n\n\n<ul class=\"wp-block-list\"><li><a rel=\"noreferrer noopener\" href=\"https:\/\/www.youtube.com\/watch?v=qiSbrDNlPgA&amp;t=1h17m34s\" target=\"_blank\">Orchester der Bayreuther Festspiele, Horst Stein<\/a><\/li><li><a rel=\"noreferrer noopener\" href=\"https:\/\/www.youtube.com\/watch?v=X2ZoXZygRPw&amp;t=1h16m04s\" target=\"_blank\">Deutsche Oper Berlin, Rafael Fr\u00fchbeck de Burgos<\/a><\/li><\/ul>\n\n\n\n<p>5. Szene<\/p>\n\n\n\n<ul class=\"wp-block-list\"><li><a rel=\"noreferrer noopener\" href=\"https:\/\/www.youtube.com\/watch?v=qiSbrDNlPgA&amp;t=1h20m37s\" target=\"_blank\">Orchester der Bayreuther Festspiele, Horst Stein<\/a><\/li><li><a rel=\"noreferrer noopener\" href=\"https:\/\/www.youtube.com\/watch?v=X2ZoXZygRPw&amp;t=1h18m30s\" target=\"_blank\">Deutsche Oper Berlin, Rafael Fr\u00fchbeck de Burgos<\/a><\/li><\/ul>\n\n\n\n<h4 class=\"wp-block-heading\"><strong><br>Tristan und Isolde<\/strong><\/h4>\n\n\n\n<p><strong>3. Akt<\/strong><\/p>\n\n\n\n<p>1. Szene (Holztrompete &#8211; B\u00fchnenmusik)<\/p>\n\n\n\n<ul class=\"wp-block-list\"><li><a rel=\"noreferrer noopener\" href=\"https:\/\/www.youtube.com\/watch?t=12981&amp;v=IdjFBW-S3z0\" target=\"_blank\">Orchester der Bayreuther Festspiele, Daniel Barenboim<\/a><\/li><li><a rel=\"noreferrer noopener\" href=\"https:\/\/www.youtube.com\/watch?t=2829&amp;v=doN1fJ71kHI\" target=\"_blank\">Deutsche Oper Berlin in Tokyo, Jiri Kout<\/a><\/li><\/ul>\n\n\n\n<h4 class=\"wp-block-heading\"><strong>Rheingold<\/strong><\/h4>\n\n\n\n<p><strong>Vorspiel und 1. Szene<\/strong><\/p>\n\n\n\n<ul class=\"wp-block-list\"><li><a rel=\"noreferrer noopener\" href=\"https:\/\/www.youtube.com\/watch?v=gVUanA7g-Vs&amp;t=19m43s\" target=\"_blank\">Wiener Staatsoper, Adam Fischer<\/a><\/li><li><a rel=\"noreferrer noopener\" href=\"https:\/\/www.youtube.com\/watch?v=VsR11uFzBJg&amp;t=19m21s\" target=\"_blank\">Wiener Philharmoniker, Georg Solti<\/a><\/li><\/ul>\n\n\n\n<p>4. Szene<\/p>\n\n\n\n<ul class=\"wp-block-list\"><li><a rel=\"noreferrer noopener\" href=\"https:\/\/www.youtube.com\/watch?v=gVUanA7g-Vs&amp;t=2h30m01s\" target=\"_blank\">Wiener Staatsoper, Adam Fischer<\/a><\/li><li><a rel=\"noreferrer noopener\" href=\"https:\/\/www.youtube.com\/watch?v=k0lqyPQfP2o&amp;t=2h16m30s\" target=\"_blank\">Orchester der Bayreuther Festspiele, Marek Janowski<\/a><\/li><\/ul>\n\n\n\n<h4 class=\"wp-block-heading\"><strong>Die Walk\u00fcre<\/strong><\/h4>\n\n\n\n<p><strong>1. Aufzug<\/strong><\/p>\n\n\n\n<p>3. Szene<\/p>\n\n\n\n<p>M\u00e4ssig langsam<\/p>\n\n\n\n<ul class=\"wp-block-list\"><li><a rel=\"noreferrer noopener\" href=\"https:\/\/www.youtube.com\/watch?v=IszX_oJoJSY&amp;t=37m15s\" target=\"_blank\">Orchester der Bayreuther Festspiele, Christian Thielemann<\/a><\/li><\/ul>\n\n\n\n<p>M\u00e4ssig<\/p>\n\n\n\n<ul class=\"wp-block-list\"><li><a rel=\"noreferrer noopener\" href=\"https:\/\/www.youtube.com\/watch?v=IszX_oJoJSY&amp;t=43m05s\" target=\"_blank\">Orchester der Bayreuther Festspiele, Christian Thielemann<\/a><\/li><\/ul>\n\n\n\n<p>Sehr schnell, bestimmt (Achtung, Druckfehler in Ausgabe 1991? Stelle in E, dritte Zeile letzter Takt untere Note ist ein b und KEIN h! Die Stelle zweite Zeile &#8222;1. Trp. in Es&#8220; ist 3. Trompete (in sp\u00e4teren Ausgaben korrigiert))<\/p>\n\n\n\n<ul class=\"wp-block-list\"><li><a rel=\"noreferrer noopener\" href=\"https:\/\/www.youtube.com\/watch?v=IszX_oJoJSY&amp;t=57m51s\" target=\"_blank\">Orchester der Bayreuther Festspiele, Christian Thielemann<\/a><\/li><\/ul>\n\n\n\n<p><strong>2. Aufzug<\/strong><\/p>\n\n\n\n<p>Vorspiel und 1. Szene<\/p>\n\n\n\n<ul class=\"wp-block-list\"><li><a href=\"https:\/\/www.youtube.com\/watch?v=2UCRARmzAgo\" target=\"_blank\" rel=\"noreferrer noopener\">Orchester der Bayreuther Festspiele, Christian Thielemann<\/a><\/li><\/ul>\n\n\n\n<p>4. Szene<\/p>\n\n\n\n<ul class=\"wp-block-list\"><li><a rel=\"noreferrer noopener\" href=\"https:\/\/www.youtube.com\/watch?v=2UCRARmzAgo&amp;t=59m37s\" target=\"_blank\">Orchester der Bayreuther Festspiele, Christian Thielemann<\/a><\/li><li><a rel=\"noreferrer noopener\" href=\"https:\/\/www.youtube.com\/watch?v=iqdCMg28s4g&amp;t=2h10m59s\" target=\"_blank\">Orchester der Bayreuther Festspiele, Daniel Barenboim<\/a><\/li><\/ul>\n\n\n\n<p><strong>3. Aufzug<\/strong><\/p>\n\n\n\n<p>1. Szene (Walk\u00fcrenritt)<\/p>\n\n\n\n<ul class=\"wp-block-list\"><li><a rel=\"noreferrer noopener\" href=\"https:\/\/www.youtube.com\/watch?v=-rn5qhqx7gA\" target=\"_blank\">Orchester der Bayreuther Festspiele, Herbert von Karajan (1951!)<\/a><\/li><\/ul>\n\n\n\n<h4 class=\"wp-block-heading\"><strong>Siegfried<\/strong><\/h4>\n\n\n\n<p><strong>1. Aufzug<\/strong><\/p>\n\n\n\n<p>Schlu\u00df der 3. Szene<\/p>\n\n\n\n<ul class=\"wp-block-list\"><li><a rel=\"noreferrer noopener\" href=\"https:\/\/www.youtube.com\/watch?v=sPHlpPwoUnA&amp;t=1h15m16s\" target=\"_blank\">Orchester der Bayreuther Festspiele, Pierre Boulez<\/a><\/li><li><a rel=\"noreferrer noopener\" href=\"https:\/\/www.youtube.com\/watch?v=LoAJV86vgsQ&amp;t=1h20m31s\" target=\"_blank\">Orchester der Bayreuther Festspiele, Christian Thielemann<\/a><\/li><li><a rel=\"noreferrer noopener\" href=\"https:\/\/www.youtube.com\/watch?v=Qt9DgM7gVrY&amp;t=1h14m11s\" target=\"_blank\">Staatskapelle Berlin, Daniel Barenboim<\/a><\/li><\/ul>\n\n\n\n<p><strong>2. Aufzug<\/strong><\/p>\n\n\n\n<p>Schlu\u00df der 3. Szene, 9\/8-Takt<\/p>\n\n\n\n<ul class=\"wp-block-list\"><li><a rel=\"noreferrer noopener\" href=\"https:\/\/www.youtube.com\/watch?v=sPHlpPwoUnA&amp;t=7899s\" data-type=\"URL\" data-id=\"https:\/\/www.youtube.com\/watch?v=sPHlpPwoUnA&amp;t=7899s\" target=\"_blank\">Orchester der Bayreuther Festspiele, Pierre Boulez<\/a><\/li><li><a href=\"https:\/\/www.youtube.com\/watch?v=zi5-5ejAzjU&amp;t=3747s\" data-type=\"URL\" data-id=\"https:\/\/www.youtube.com\/watch?v=zi5-5ejAzjU&amp;t=3747s\" target=\"_blank\" rel=\"noreferrer noopener\">Queen City Opera, Isaac Selya<\/a><\/li><\/ul>\n\n\n\n<p>Moderato<\/p>\n\n\n\n<ul class=\"wp-block-list\"><li><a rel=\"noreferrer noopener\" href=\"https:\/\/www.youtube.com\/watch?v=sPHlpPwoUnA&amp;t=8403s\" data-type=\"URL\" data-id=\"https:\/\/www.youtube.com\/watch?v=sPHlpPwoUnA&amp;t=8403s\" target=\"_blank\">Orchester der Bayreuther Festspiele, Pierre Boulez<\/a><\/li><li><a href=\"https:\/\/www.youtube.com\/watch?v=zi5-5ejAzjU&amp;t=4368s\" data-type=\"URL\" data-id=\"https:\/\/www.youtube.com\/watch?v=zi5-5ejAzjU&amp;t=4368s\" target=\"_blank\" rel=\"noreferrer noopener\">Queen City Opera, Isaac Selya<\/a><\/li><\/ul>\n\n\n\n<p>4\/4 Takt, 1. und 2. Trp. in E<\/p>\n\n\n\n<ul class=\"wp-block-list\"><li><a rel=\"noreferrer noopener\" href=\"https:\/\/www.youtube.com\/watch?v=sPHlpPwoUnA&amp;t=9008s\" target=\"_blank\" data-type=\"URL\" data-id=\"https:\/\/www.youtube.com\/watch?v=sPHlpPwoUnA&amp;t=9008s\">Orchester der Bayreuther Festspiele, Pierre Boulez<\/a><\/li><li><a href=\"https:\/\/www.youtube.com\/watch?v=zi5-5ejAzjU&amp;t=5069s\" data-type=\"URL\" data-id=\"https:\/\/www.youtube.com\/watch?v=zi5-5ejAzjU&amp;t=5069s\" target=\"_blank\" rel=\"noreferrer noopener\">Queen City Opera, Isaac Selya<\/a><\/li><\/ul>\n\n\n\n<p><strong>3. Aufzug<\/strong><\/p>\n\n\n\n<p>3. Szene<\/p>\n\n\n\n<ul class=\"wp-block-list\"><li><a rel=\"noreferrer noopener\" href=\"https:\/\/www.youtube.com\/watch?v=sPHlpPwoUnA&amp;t=3h20m10s\" target=\"_blank\">Orchester der Bayreuther Festspiele, Pierre Boulez<\/a><\/li><li><a rel=\"noreferrer noopener\" href=\"https:\/\/www.youtube.com\/watch?v=XyFsz-O0Nao&amp;t=52m21s\" target=\"_blank\">Orchester der Bayreuther Festspiele, Christian Thielemann<\/a><\/li><\/ul>\n\n\n\n<h4 class=\"wp-block-heading\"><strong>G\u00f6tterd\u00e4mmerung<\/strong><\/h4>\n\n\n\n<p><strong>Vorspiel<\/strong><\/p>\n\n\n\n<p>Im Zeitma\u00df etwas belebter<\/p>\n\n\n\n<ul class=\"wp-block-list\"><li><a rel=\"noreferrer noopener\" href=\"https:\/\/www.youtube.com\/watch?v=W3mVjkDR8Oc&amp;t=24m20s\" target=\"_blank\">Orchester der Bayreuther Festspiele, Christian Thielemann<\/a><\/li><li><a rel=\"noreferrer noopener\" href=\"https:\/\/www.youtube.com\/watch?v=ZKv8J_4jdSI&amp;t=22m38s\" target=\"_blank\">Orchester der Bayreuther Festspiele, Marek Janowski<\/a><\/li><\/ul>\n\n\n\n<p>Ruhiger<\/p>\n\n\n\n<ul class=\"wp-block-list\"><li><a rel=\"noreferrer noopener\" href=\"https:\/\/www.youtube.com\/watch?v=W3mVjkDR8Oc&amp;t=36m20s\" target=\"_blank\">Orchester der Bayreuther Festspiele, Christian Thielemann<\/a><\/li><li><a rel=\"noreferrer noopener\" href=\"https:\/\/www.youtube.com\/watch?v=ZKv8J_4jdSI&amp;t=33m56s\" target=\"_blank\">Orchester der Bayreuther Festspiele, Marek Janowski<\/a><\/li><\/ul>\n\n\n\n<p><strong>1. Aufzug<\/strong><\/p>\n\n\n\n<p>2. Szene<\/p>\n\n\n\n<p>Etwas bewegt<\/p>\n\n\n\n<ul class=\"wp-block-list\"><li><a rel=\"noreferrer noopener\" href=\"https:\/\/www.youtube.com\/watch?v=W3mVjkDR8Oc&amp;t=56m13s\" target=\"_blank\">Orchester der Bayreuther Festspiele, Christian Thielemann<\/a><\/li><\/ul>\n\n\n\n<p>M\u00e4\u00dfig<\/p>\n\n\n\n<ul class=\"wp-block-list\"><li><a href=\"https:\/\/www.youtube.com\/watch?v=ZKv8J_4jdSI&amp;t=3531s\" data-type=\"URL\" data-id=\"https:\/\/www.youtube.com\/watch?v=ZKv8J_4jdSI&amp;t=3531s\" target=\"_blank\" rel=\"noreferrer noopener\">Orchester der Bayreuther Festspiele, Christian Thielemann<\/a><\/li><\/ul>\n\n\n\n<p>Schnell und heftig<\/p>\n\n\n\n<ul class=\"wp-block-list\"><li><a rel=\"noreferrer noopener\" href=\"https:\/\/www.youtube.com\/watch?v=W3mVjkDR8Oc&amp;t=1h06m29s\" target=\"_blank\">Orchester der Bayreuther Festspiele, Christian Thielemann<\/a><\/li><li><a rel=\"noreferrer noopener\" href=\"https:\/\/www.youtube.com\/watch?v=ZKv8J_4jdSI&amp;t=1h00m43s\" target=\"_blank\">Orchester der Bayreuther Festspiele, Marek Janowski<\/a><\/li><\/ul>\n\n\n\n<p>Sehr gem\u00e4\u00dfigt und etwas z\u00f6gernd<\/p>\n\n\n\n<ul class=\"wp-block-list\"><li><a rel=\"noreferrer noopener\" href=\"https:\/\/www.youtube.com\/watch?v=W3mVjkDR8Oc&amp;t=1h14m39s\" target=\"_blank\">Orchester der Bayreuther Festspiele, Christian Thielemann<\/a><\/li><li><a rel=\"noreferrer noopener\" href=\"https:\/\/www.youtube.com\/watch?v=ZKv8J_4jdSI&amp;t=1h07m49s\" target=\"_blank\">Orchester der Bayreuther Festspiele, Marek Janowski<\/a><\/li><\/ul>\n\n\n\n<p>letzte Stelle 3. Trp. in F<\/p>\n\n\n\n<ul class=\"wp-block-list\"><li><a rel=\"noreferrer noopener\" href=\"https:\/\/www.youtube.com\/watch?v=W3mVjkDR8Oc&amp;t=1h18m26s\" target=\"_blank\">Orchester der Bayreuther Festspiele, Christian Thielemann<\/a><\/li><li><a rel=\"noreferrer noopener\" href=\"https:\/\/www.youtube.com\/watch?v=ZKv8J_4jdSI&amp;t=1h11m33s\" target=\"_blank\">Orchester der Bayreuther Festspiele, Marek Janowski<\/a><\/li><\/ul>\n\n\n\n<p><strong>2. Aufzug<\/strong><\/p>\n\n\n\n<p>1. Szene<\/p>\n\n\n\n<ul class=\"wp-block-list\"><li><a rel=\"noreferrer noopener\" href=\"https:\/\/www.youtube.com\/watch?v=NABPAbNf-BY&amp;t=1h54m57s\" target=\"_blank\">Orchester der Bayreuther Festspiele, Pierre Boulez<\/a><\/li><li><a rel=\"noreferrer noopener\" href=\"https:\/\/www.youtube.com\/watch?v=YJ_uk61LFG0&amp;t=2m05s\" target=\"_blank\">Orchester der Bayreuther Festspiele, Christian Thielemann<\/a><\/li><\/ul>\n\n\n\n<p>4. Szene<\/p>\n\n\n\n<ul class=\"wp-block-list\"><li><a rel=\"noreferrer noopener\" href=\"https:\/\/www.youtube.com\/watch?v=NABPAbNf-BY&amp;t=2h31m07s\" target=\"_blank\">Orchester der Bayreuther Festspiele, Pierre Boulez<\/a><\/li><li><a rel=\"noreferrer noopener\" href=\"https:\/\/www.youtube.com\/watch?v=YJ_uk61LFG0&amp;t=41m29s\" target=\"_blank\">Orchester der Bayreuther Festspiele, Christian Thielemann<\/a><\/li><\/ul>\n\n\n\n<p>5. Szene (Schlu\u00df)<\/p>\n\n\n\n<ul class=\"wp-block-list\"><li><a rel=\"noreferrer noopener\" href=\"https:\/\/www.youtube.com\/watch?v=NABPAbNf-BY&amp;t=2h53m39s\" target=\"_blank\">Orchester der Bayreuther Festspiele, Pierre Boulez<\/a><\/li><li><a rel=\"noreferrer noopener\" href=\"https:\/\/www.youtube.com\/watch?v=YJ_uk61LFG0&amp;t=1h07m20s\" target=\"_blank\">Orchester der Bayreuther Festspiele, Christian Thielemann<\/a><\/li><\/ul>\n\n\n\n<p><strong>3. Aufzug<\/strong><\/p>\n\n\n\n<p>2. Szene (Trauermarsch)<\/p>\n\n\n\n<ul class=\"wp-block-list\"><li><a rel=\"noreferrer noopener\" href=\"https:\/\/www.youtube.com\/watch?v=SEsy1Ooc5bM&amp;t=43m39s\" target=\"_blank\">Orchester der Bayreuther Festspiele, Christian Thielemann<\/a><\/li><li><a rel=\"noreferrer noopener\" href=\"https:\/\/www.youtube.com\/watch?v=ZKv8J_4jdSI&amp;t=3h39m11s\" target=\"_blank\">Orchester der Bayreuther Festspiele, Marek Janowski<\/a><\/li><\/ul>\n\n\n\n<h4 class=\"wp-block-heading\">Parsifal<\/h4>\n\n\n\n<p><strong>Vorspiel<\/strong><\/p>\n\n\n\n<ul class=\"wp-block-list\"><li><a rel=\"noreferrer noopener\" href=\"https:\/\/www.youtube.com\/watch?v=1xsbQ-_iroM&amp;t=58s\" target=\"_blank\">Bayerische Staatsoper M\u00fcnchen, Kirill Petrenko<\/a><\/li><li><a rel=\"noreferrer noopener\" href=\"https:\/\/www.youtube.com\/watch?v=jSdo2FJJ4Jg&amp;t=48s\" target=\"_blank\">Orchester der Bayreuther Festspiele, Semyon Bychkov<\/a><\/li><\/ul>\n\n\n\n<p><strong>1. Aufzug<\/strong><\/p>\n\n\n\n<ul class=\"wp-block-list\"><li><a rel=\"noreferrer noopener\" href=\"https:\/\/www.youtube.com\/watch?v=jSdo2FJJ4Jg&amp;t=39m01s\" target=\"_blank\">Orchester der Bayreuther Festspiele, Semyon Bychkov<\/a><\/li><\/ul>\n\n\n\n<p><a href=\"https:\/\/trompeten-stellen.de\/\" data-type=\"page\" data-id=\"11\">zur\u00fcck<\/a><\/p>\n","protected":false},"excerpt":{"rendered":"<p>Richard Wagner (1813-1883) Tannh\u00e4user 2. Aufzug 3. Szene, Allegro Orchester der Bayreuther Festspiele, Axel Kober 4. Szene Orchester der Bayreuther Festspiele, Axel Kober Allegro Orchester der Bayreuther Festspiele, Axel Kober Lohengrin Vorspiel Orchester der Mail\u00e4nder Scala, Daniel Barenboim Orchester der Bayreuther Festspiele, Christian Thielemann 1. Aufzug 2. Szene Orchester der Bayreuther Festspiele, Christian Thielemann 2. [&hellip;]<\/p>\n","protected":false},"author":1,"featured_media":0,"parent":0,"menu_order":0,"comment_status":"closed","ping_status":"closed","template":"","meta":{"footnotes":""},"class_list":["post-52","page","type-page","status-publish","hentry"],"_links":{"self":[{"href":"https:\/\/www.trompeten-stellen.de\/index.php?rest_route=\/wp\/v2\/pages\/52","targetHints":{"allow":["GET"]}}],"collection":[{"href":"https:\/\/www.trompeten-stellen.de\/index.php?rest_route=\/wp\/v2\/pages"}],"about":[{"href":"https:\/\/www.trompeten-stellen.de\/index.php?rest_route=\/wp\/v2\/types\/page"}],"author":[{"embeddable":true,"href":"https:\/\/www.trompeten-stellen.de\/index.php?rest_route=\/wp\/v2\/users\/1"}],"replies":[{"embeddable":true,"href":"https:\/\/www.trompeten-stellen.de\/index.php?rest_route=%2Fwp%2Fv2%2Fcomments&post=52"}],"version-history":[{"count":10,"href":"https:\/\/www.trompeten-stellen.de\/index.php?rest_route=\/wp\/v2\/pages\/52\/revisions"}],"predecessor-version":[{"id":565,"href":"https:\/\/www.trompeten-stellen.de\/index.php?rest_route=\/wp\/v2\/pages\/52\/revisions\/565"}],"wp:attachment":[{"href":"https:\/\/www.trompeten-stellen.de\/index.php?rest_route=%2Fwp%2Fv2%2Fmedia&parent=52"}],"curies":[{"name":"wp","href":"https:\/\/api.w.org\/{rel}","templated":true}]}}