{"id":51,"date":"2021-03-01T10:03:41","date_gmt":"2021-03-01T10:03:41","guid":{"rendered":"http:\/\/orchesterstellen.rheinbrass.de\/?page_id=51"},"modified":"2021-08-23T08:56:04","modified_gmt":"2021-08-23T06:56:04","slug":"verdi-giuseppe","status":"publish","type":"page","link":"https:\/\/www.trompeten-stellen.de\/?page_id=51","title":{"rendered":"VERDI"},"content":{"rendered":"\n<h3 class=\"wp-block-heading\">Giuseppe Verdi (1813-1901)<\/h3>\n\n\n\n<h4 class=\"wp-block-heading\">Rigoletto<\/h4>\n\n\n\n<p>Pr\u00e4ludium<\/p>\n\n\n\n<ul class=\"wp-block-list\"><li><a href=\"https:\/\/www.youtube.com\/watch?v=Nj1cmYKTGHM&amp;t=70s\" data-type=\"URL\" data-id=\"https:\/\/www.youtube.com\/watch?v=Nj1cmYKTGHM&amp;t=70s\" target=\"_blank\" rel=\"noreferrer noopener\">S\u00e4chsische Staatskapelle Dresden, Fabio Luisi<\/a><\/li><li><a href=\"https:\/\/www.youtube.com\/watch?v=bAeiavpqFIQ&amp;t=28s\" data-type=\"URL\" data-id=\"https:\/\/www.youtube.com\/watch?v=bAeiavpqFIQ&amp;t=28s\" target=\"_blank\" rel=\"noreferrer noopener\">Teatro alla Scala, Riccardo Muti<\/a><\/li><\/ul>\n\n\n\n<p><strong>2. Akt<\/strong><\/p>\n\n\n\n<p>2. Szene<\/p>\n\n\n\n<p>Ziffer 36, Allegro assai moderato<\/p>\n\n\n\n<ul class=\"wp-block-list\"><li><a href=\"https:\/\/www.youtube.com\/watch?v=Nj1cmYKTGHM&amp;t=4019s\" data-type=\"URL\" data-id=\"https:\/\/www.youtube.com\/watch?v=Nj1cmYKTGHM&amp;t=4019s\" target=\"_blank\" rel=\"noreferrer noopener\">S\u00e4chsische Staatskapelle Dresden, Fabio Luisi<\/a><\/li><li><a href=\"https:\/\/www.youtube.com\/watch?v=bAeiavpqFIQ&amp;t=3838s\" data-type=\"URL\" data-id=\"https:\/\/www.youtube.com\/watch?v=bAeiavpqFIQ&amp;t=3838s\" target=\"_blank\" rel=\"noreferrer noopener\">Teatro alla Scala, Riccardo Muti<\/a><\/li><\/ul>\n\n\n\n<p>8. Szene, Allegro vivo<\/p>\n\n\n\n<ul class=\"wp-block-list\"><li><a href=\"https:\/\/www.youtube.com\/watch?v=Nj1cmYKTGHM&amp;t=5497s\" data-type=\"URL\" data-id=\"https:\/\/www.youtube.com\/watch?v=Nj1cmYKTGHM&amp;t=5497s\" target=\"_blank\" rel=\"noreferrer noopener\">S\u00e4chsische Staatskapelle Dresden, Fabio Luisi<\/a><\/li><li><a href=\"https:\/\/www.youtube.com\/watch?v=bAeiavpqFIQ&amp;t=5304s\" data-type=\"URL\" data-id=\"https:\/\/www.youtube.com\/watch?v=bAeiavpqFIQ&amp;t=5304s\" target=\"_blank\" rel=\"noreferrer noopener\">Teatro alla Scala, Riccardo Muti<\/a><\/li><\/ul>\n\n\n\n<p>Poco pi\u00f9 kommt 11 Takte (alla breve) sp\u00e4ter, es fehlt auch eine Viertelpause nach der punktierten Halbe&#8230;<\/p>\n\n\n\n<h4 class=\"wp-block-heading\">Der Troubadour<\/h4>\n\n\n\n<p><strong>1. Akt<\/strong><\/p>\n\n\n\n<p>1. Szene<\/p>\n\n\n\n<ul class=\"wp-block-list\"><li><a rel=\"noreferrer noopener\" href=\"https:\/\/www.youtube.com\/watch?v=XaHyOu3dedY&amp;t=24s\" data-type=\"URL\" data-id=\"https:\/\/www.youtube.com\/watch?v=XaHyOu3dedY&amp;t=24s\" target=\"_blank\">Royal Opera House, Covent Garden, Carlo Rizzi<\/a><\/li><li><a href=\"https:\/\/www.youtube.com\/watch?v=BYNd6HEWR4U&amp;t=205s\" data-type=\"URL\" data-id=\"https:\/\/www.youtube.com\/watch?v=BYNd6HEWR4U&amp;t=205s\" target=\"_blank\" rel=\"noreferrer noopener\">Teatro dell\u2019Opera di Roma, Daniele Gatti<\/a><\/li><\/ul>\n\n\n\n<p>5. Szene<\/p>\n\n\n\n<ul class=\"wp-block-list\"><li><a href=\"https:\/\/www.youtube.com\/watch?v=XaHyOu3dedY&amp;t=1516s\" data-type=\"URL\" data-id=\"https:\/\/www.youtube.com\/watch?v=XaHyOu3dedY&amp;t=1516s\" target=\"_blank\" rel=\"noreferrer noopener\">Royal Opera House, Covent Garden, Carlo Rizzi<\/a><\/li><li><a href=\"https:\/\/www.youtube.com\/watch?v=BYNd6HEWR4U&amp;t=1743s\" data-type=\"URL\" data-id=\"https:\/\/www.youtube.com\/watch?v=BYNd6HEWR4U&amp;t=1743s\" target=\"_blank\" rel=\"noreferrer noopener\">Teatro dell\u2019Opera di Roma, Daniele Gatti<\/a><\/li><\/ul>\n\n\n\n<p><strong>2. Akt<\/strong><\/p>\n\n\n\n<ul class=\"wp-block-list\"><li><a href=\"https:\/\/www.youtube.com\/watch?v=XaHyOu3dedY&amp;t=3424s\" data-type=\"URL\" data-id=\"https:\/\/www.youtube.com\/watch?v=XaHyOu3dedY&amp;t=3424s\" target=\"_blank\" rel=\"noreferrer noopener\">Royal Opera House, Covent Garden, Carlo Rizzi<\/a><\/li><li><a href=\"https:\/\/www.youtube.com\/watch?v=BYNd6HEWR4U&amp;t=3779s\" data-type=\"URL\" data-id=\"https:\/\/www.youtube.com\/watch?v=BYNd6HEWR4U&amp;t=3779s\" target=\"_blank\" rel=\"noreferrer noopener\">Teatro dell\u2019Opera di Roma, Daniele Gatti<\/a><\/li><\/ul>\n\n\n\n<h4 class=\"wp-block-heading\"><strong>Ein Maskenball<\/strong><\/h4>\n\n\n\n<p><strong>3. Akt<\/strong><\/p>\n\n\n\n<p>Nr. 13 Terzett und Quartett (Verschw\u00f6rungsszene)<br>Allegro assai sostenuto &#8211; Meno mosso<\/p>\n\n\n\n<ul class=\"wp-block-list\"><li><a rel=\"noreferrer noopener\" href=\"https:\/\/www.youtube.com\/watch?v=vCh9l6kEz5M&amp;t=17m15s\" target=\"_blank\">Wiener Staatsoper, Claudio Abbado<\/a><\/li><li><a rel=\"noreferrer noopener\" href=\"https:\/\/www.youtube.com\/watch?v=ZwxVrLOhGX0&amp;t=1h37m38s\" target=\"_blank\">Oper und Gewandhausorchester Leipzig, Riccardo Chailly<\/a><\/li><\/ul>\n\n\n\n<p>Tempo I<\/p>\n\n\n\n<ul class=\"wp-block-list\"><li><a rel=\"noreferrer noopener\" href=\"https:\/\/www.youtube.com\/watch?v=vCh9l6kEz5M&amp;t=18m35s\" target=\"_blank\">Wiener Staatsoper, Claudio Abbado<\/a><\/li><li><a rel=\"noreferrer noopener\" href=\"https:\/\/www.youtube.com\/watch?v=ZwxVrLOhGX0&amp;t=1h38m57s\" target=\"_blank\">Oper und Gewandhausorchester Leipzig, Riccardo Chailly<\/a><\/li><\/ul>\n\n\n\n<h4 class=\"wp-block-heading\"><strong>Die Macht des Schicksals<\/strong><\/h4>\n\n\n\n<p><strong>Vorspiel<\/strong><\/p>\n\n\n\n<p>Buchstabe C, Andante mosso<\/p>\n\n\n\n<ul class=\"wp-block-list\"><li><a rel=\"noreferrer noopener\" href=\"https:\/\/www.youtube.com\/watch?v=AUuJxE-iWbo&amp;t=2m52s\" target=\"_blank\">Berliner Philharmoniker, Herbert von Karajan<\/a><\/li><\/ul>\n\n\n\n<p>Allegro brillante<\/p>\n\n\n\n<ul class=\"wp-block-list\"><li><a rel=\"noreferrer noopener\" href=\"https:\/\/www.youtube.com\/watch?v=AUuJxE-iWbo&amp;t=5m16s\" target=\"_blank\">Berliner Philharmoniker, Herbert von Karajan<\/a><\/li><\/ul>\n\n\n\n<h4 class=\"wp-block-heading\">Don Carlos<\/h4>\n\n\n\n<p><strong>3. Akt<\/strong><\/p>\n\n\n\n<p>2. Szene, Allegro agitato, Buchstabe F<\/p>\n\n\n\n<ul class=\"wp-block-list\"><li><a href=\"https:\/\/www.youtube.com\/watch?v=GbZ8Lpz6ooc&amp;t=6691s\" data-type=\"URL\" data-id=\"https:\/\/www.youtube.com\/watch?v=GbZ8Lpz6ooc&amp;t=6691s\" target=\"_blank\" rel=\"noreferrer noopener\">Berliner Philharmoniker, Herbert von Karajan<\/a><\/li><li><a href=\"https:\/\/www.youtube.com\/watch?v=DWmJLgbNtk0&amp;t=7513s\" data-type=\"URL\" data-id=\"https:\/\/www.youtube.com\/watch?v=DWmJLgbNtk0&amp;t=7513s\" target=\"_blank\" rel=\"noreferrer noopener\">Wiener Staatsoper, Marco Amiliato<\/a><\/li><\/ul>\n\n\n\n<p>Verwandlung 1. Szene, Assai moderato<\/p>\n\n\n\n<ul class=\"wp-block-list\"><li><a href=\"https:\/\/www.youtube.com\/watch?v=GbZ8Lpz6ooc&amp;t=8554s\" data-type=\"URL\" data-id=\"https:\/\/www.youtube.com\/watch?v=GbZ8Lpz6ooc&amp;t=8554s\" target=\"_blank\" rel=\"noreferrer noopener\">Berliner Philharmoniker, Herbert von Karajan<\/a><\/li><li><a href=\"https:\/\/www.youtube.com\/watch?v=DWmJLgbNtk0&amp;t=9407s\" data-type=\"URL\" data-id=\"https:\/\/www.youtube.com\/watch?v=DWmJLgbNtk0&amp;t=9407s\" target=\"_blank\" rel=\"noreferrer noopener\">Wiener Staatsoper, Marco Amiliato<\/a><\/li><\/ul>\n\n\n\n<h4 class=\"wp-block-heading\">Aida<\/h4>\n\n\n\n<p><strong>1. Akt<\/strong><\/p>\n\n\n\n<ol class=\"wp-block-list\"><li>Szene, Romanze des Radames, Allegro vivo<\/li><\/ol>\n\n\n\n<ul class=\"wp-block-list\"><li><a href=\"https:\/\/www.youtube.com\/watch?v=BQ0UYvWqqIU&amp;t=450s\" data-type=\"URL\" data-id=\"https:\/\/www.youtube.com\/watch?v=BQ0UYvWqqIU&amp;t=450s\" target=\"_blank\" rel=\"noreferrer noopener\">Teatro La Fenice, Riccardo Frizza<\/a><\/li><li><a href=\"https:\/\/www.youtube.com\/watch?v=b8rsOzPzYr8&amp;t=427s\" data-type=\"URL\" data-id=\"https:\/\/www.youtube.com\/watch?v=b8rsOzPzYr8&amp;t=427s\" target=\"_blank\" rel=\"noreferrer noopener\">San Francisco Opera, Garc\u00eda Navarro<\/a><\/li><\/ul>\n\n\n\n<p><strong>2. Akt<\/strong><\/p>\n\n\n\n<p>Finale, Ballettmusik<\/p>\n\n\n\n<ul class=\"wp-block-list\"><li><a href=\"https:\/\/www.youtube.com\/watch?v=BQ0UYvWqqIU&amp;t=3871s\" data-type=\"URL\" data-id=\"https:\/\/www.youtube.com\/watch?v=BQ0UYvWqqIU&amp;t=3871s\" target=\"_blank\" rel=\"noreferrer noopener\">Teatro La Fenice, Riccardo Frizza<\/a><\/li><li><a href=\"https:\/\/www.youtube.com\/watch?v=b8rsOzPzYr8&amp;t=3856s\" data-type=\"URL\" data-id=\"https:\/\/www.youtube.com\/watch?v=b8rsOzPzYr8&amp;t=3856s\" target=\"_blank\" rel=\"noreferrer noopener\">San Francisco Opera, Garc\u00eda Navarro<\/a><\/li><\/ul>\n\n\n\n<p><strong>3. Akt<\/strong><\/p>\n\n\n\n<p>Nr. 13 Duett. Allegro giusto<\/p>\n\n\n\n<ul class=\"wp-block-list\"><li><a href=\"https:\/\/www.youtube.com\/watch?v=BQ0UYvWqqIU&amp;t=6346s\" data-type=\"URL\" data-id=\"https:\/\/www.youtube.com\/watch?v=BQ0UYvWqqIU&amp;t=6346s\" target=\"_blank\" rel=\"noreferrer noopener\">Teatro La Fenice, Riccardo Frizza<\/a><\/li><li><a href=\"https:\/\/www.youtube.com\/watch?v=b8rsOzPzYr8&amp;t=6576s\" data-type=\"URL\" data-id=\"https:\/\/www.youtube.com\/watch?v=b8rsOzPzYr8&amp;t=6576s\" target=\"_blank\" rel=\"noreferrer noopener\">San Francisco Opera, Garc\u00eda Navarro<\/a><\/li><\/ul>\n\n\n\n<h4 class=\"wp-block-heading\">Othello<\/h4>\n\n\n\n<p><strong>1. Akt<\/strong><\/p>\n\n\n\n<p>2. Szene, Allegro con brio<\/p>\n\n\n\n<ul class=\"wp-block-list\"><li><a href=\"https:\/\/www.youtube.com\/watch?v=P28KAApmK0Y&amp;t=1208s\" data-type=\"URL\" data-id=\"https:\/\/www.youtube.com\/watch?v=P28KAApmK0Y&amp;t=1208s\" target=\"_blank\" rel=\"noreferrer noopener\">Salzburger Festspiele, S\u00e4chsische Staatskapelle Dresden, Christian Thielemann<\/a><\/li><li><a href=\"https:\/\/www.youtube.com\/watch?v=hOxnGec9CPs&amp;t=1192s\" data-type=\"URL\" data-id=\"https:\/\/www.youtube.com\/watch?v=hOxnGec9CPs&amp;t=1192s\" target=\"_blank\" rel=\"noreferrer noopener\">Orchestre Philharmonique de Radio France, Myung Whun Chung<\/a><\/li><li><a href=\"https:\/\/www.youtube.com\/watch?v=EQYed8oRxwA&amp;t=1301s\" data-type=\"URL\" data-id=\"https:\/\/www.youtube.com\/watch?v=EQYed8oRxwA&amp;t=1301s\" target=\"_blank\" rel=\"noreferrer noopener\">Teatro Real Madrid, Renato Palumbo<\/a><\/li><\/ul>\n\n\n\n<p><strong>2. Akt<\/strong><\/p>\n\n\n\n<p>5. Szene, Allegro sostenuto<\/p>\n\n\n\n<ul class=\"wp-block-list\"><li><a href=\"https:\/\/www.youtube.com\/watch?v=P28KAApmK0Y&amp;t=3535s\" data-type=\"URL\" data-id=\"https:\/\/www.youtube.com\/watch?v=P28KAApmK0Y&amp;t=3535s\" target=\"_blank\" rel=\"noreferrer noopener\">Salzburger Festspiele, S\u00e4chsische Staatskapelle Dresden, Christian Thielemann<\/a><\/li><li><a href=\"https:\/\/www.youtube.com\/watch?v=hOxnGec9CPs&amp;t=3460s\" data-type=\"URL\" data-id=\"https:\/\/www.youtube.com\/watch?v=hOxnGec9CPs&amp;t=3460s\" target=\"_blank\" rel=\"noreferrer noopener\">Orchestre Philharmonique de Radio France, Myung Whun Chung<\/a><\/li><li><a href=\"https:\/\/www.youtube.com\/watch?v=EQYed8oRxwA&amp;t=4064s\" data-type=\"URL\" data-id=\"https:\/\/www.youtube.com\/watch?v=EQYed8oRxwA&amp;t=4064s\" target=\"_blank\" rel=\"noreferrer noopener\">Teatro Real Madrid, Renato Palumbo<\/a><\/li><\/ul>\n\n\n\n<p><a href=\"https:\/\/trompeten-stellen.de\/\" data-type=\"page\" data-id=\"11\">zur\u00fcck<\/a><\/p>\n","protected":false},"excerpt":{"rendered":"<p>Giuseppe Verdi (1813-1901) Rigoletto Pr\u00e4ludium S\u00e4chsische Staatskapelle Dresden, Fabio Luisi Teatro alla Scala, Riccardo Muti 2. Akt 2. Szene Ziffer 36, Allegro assai moderato S\u00e4chsische Staatskapelle Dresden, Fabio Luisi Teatro alla Scala, Riccardo Muti 8. Szene, Allegro vivo S\u00e4chsische Staatskapelle Dresden, Fabio Luisi Teatro alla Scala, Riccardo Muti Poco pi\u00f9 kommt 11 Takte (alla breve) [&hellip;]<\/p>\n","protected":false},"author":1,"featured_media":0,"parent":0,"menu_order":0,"comment_status":"closed","ping_status":"closed","template":"","meta":{"footnotes":""},"class_list":["post-51","page","type-page","status-publish","hentry"],"_links":{"self":[{"href":"https:\/\/www.trompeten-stellen.de\/index.php?rest_route=\/wp\/v2\/pages\/51","targetHints":{"allow":["GET"]}}],"collection":[{"href":"https:\/\/www.trompeten-stellen.de\/index.php?rest_route=\/wp\/v2\/pages"}],"about":[{"href":"https:\/\/www.trompeten-stellen.de\/index.php?rest_route=\/wp\/v2\/types\/page"}],"author":[{"embeddable":true,"href":"https:\/\/www.trompeten-stellen.de\/index.php?rest_route=\/wp\/v2\/users\/1"}],"replies":[{"embeddable":true,"href":"https:\/\/www.trompeten-stellen.de\/index.php?rest_route=%2Fwp%2Fv2%2Fcomments&post=51"}],"version-history":[{"count":12,"href":"https:\/\/www.trompeten-stellen.de\/index.php?rest_route=\/wp\/v2\/pages\/51\/revisions"}],"predecessor-version":[{"id":587,"href":"https:\/\/www.trompeten-stellen.de\/index.php?rest_route=\/wp\/v2\/pages\/51\/revisions\/587"}],"wp:attachment":[{"href":"https:\/\/www.trompeten-stellen.de\/index.php?rest_route=%2Fwp%2Fv2%2Fmedia&parent=51"}],"curies":[{"name":"wp","href":"https:\/\/api.w.org\/{rel}","templated":true}]}}