{"id":49,"date":"2021-03-01T10:03:41","date_gmt":"2021-03-01T10:03:41","guid":{"rendered":"http:\/\/orchesterstellen.rheinbrass.de\/?page_id=49"},"modified":"2021-03-13T16:35:12","modified_gmt":"2021-03-13T15:35:12","slug":"strawinsky-igor","status":"publish","type":"page","link":"https:\/\/www.trompeten-stellen.de\/?page_id=49","title":{"rendered":"STRAWINSKY"},"content":{"rendered":"\n<h3 class=\"wp-block-heading\">Igor Strawinsky (1882-1971)<\/h3>\n\n\n\n<h4 class=\"wp-block-heading\"><strong>Der Feuervogel<\/strong> (Ballettsuite)<\/h4>\n\n\n\n<p><strong>Infernal Dance<\/strong><\/p>\n\n\n\n<p>Ziffer 87, Vivo<\/p>\n\n\n\n<ul class=\"wp-block-list\"><li><a rel=\"noreferrer noopener\" href=\"https:\/\/www.youtube.com\/watch?v=2VbQ6SgYFc4&amp;t=597s\" data-type=\"URL\" data-id=\"https:\/\/www.youtube.com\/watch?v=2VbQ6SgYFc4&amp;t=597s\" target=\"_blank\">hr-Sinfonieorchester, Andr\u00e9s Orozco-Estrada<\/a><\/li><li><a rel=\"noreferrer noopener\" href=\"https:\/\/www.youtube.com\/watch?v=Gt0tgaLffh0&amp;t=1048s\" data-type=\"URL\" data-id=\"https:\/\/www.youtube.com\/watch?v=Gt0tgaLffh0&amp;t=1048s\" target=\"_blank\">NDR Sinfonieorcheste<\/a><a href=\"https:\/\/www.youtube.com\/watch?v=Gt0tgaLffh0&amp;t=1048s\" data-type=\"URL\" data-id=\"https:\/\/www.youtube.com\/watch?v=Gt0tgaLffh0&amp;t=1048s\" target=\"_blank\" rel=\"noreferrer noopener\">r<\/a><a rel=\"noreferrer noopener\" href=\"https:\/\/www.youtube.com\/watch?v=Gt0tgaLffh0&amp;t=1048s\" data-type=\"URL\" data-id=\"https:\/\/www.youtube.com\/watch?v=Gt0tgaLffh0&amp;t=1048s\" target=\"_blank\">, G\u00fcnter Wand<\/a><\/li><\/ul>\n\n\n\n<p>Ziffer 99<\/p>\n\n\n\n<ul class=\"wp-block-list\"><li><a href=\"https:\/\/www.youtube.com\/watch?v=2VbQ6SgYFc4&amp;t=657s\" data-type=\"URL\" data-id=\"https:\/\/www.youtube.com\/watch?v=2VbQ6SgYFc4&amp;t=657s\" target=\"_blank\" rel=\"noreferrer noopener\">hr-Sinfonieorchester, Andr\u00e9s Orozco-Estrada<\/a><\/li><li><a href=\"https:\/\/www.youtube.com\/watch?v=Gt0tgaLffh0&amp;t=1109s\" data-type=\"URL\" data-id=\"https:\/\/www.youtube.com\/watch?v=Gt0tgaLffh0&amp;t=1109s\" target=\"_blank\" rel=\"noreferrer noopener\">NDR Sinfonieorchester, G\u00fcnter Wand<\/a><\/li><\/ul>\n\n\n\n<p>Ziffer 120<\/p>\n\n\n\n<ul class=\"wp-block-list\"><li><a rel=\"noreferrer noopener\" href=\"https:\/\/www.youtube.com\/watch?v=2VbQ6SgYFc4&amp;t=742s\" data-type=\"URL\" data-id=\"https:\/\/www.youtube.com\/watch?v=2VbQ6SgYFc4&amp;t=742s\" target=\"_blank\">hr-Sinfonieorchester, Andr\u00e9s Orozco-Estrada<\/a><\/li><li><a href=\"https:\/\/www.youtube.com\/watch?v=Gt0tgaLffh0&amp;t=1193s\" data-type=\"URL\" data-id=\"https:\/\/www.youtube.com\/watch?v=Gt0tgaLffh0&amp;t=1193s\" target=\"_blank\" rel=\"noreferrer noopener\">NDR Sinfonieorchester, G\u00fcnter Wand<\/a><\/li><\/ul>\n\n\n\n<h4 class=\"wp-block-heading\"><strong>Petruschka<\/strong><\/h4>\n\n\n\n<p>Ziffer 116 und die n\u00e4chste Stelle<\/p>\n\n\n\n<ul class=\"wp-block-list\"><li><a href=\"https:\/\/www.youtube.com\/watch?v=Fzp89DVuUlI&amp;t=849s\" data-type=\"URL\" data-id=\"https:\/\/www.youtube.com\/watch?v=Fzp89DVuUlI&amp;t=849s\" target=\"_blank\" rel=\"noreferrer noopener\">hr-Sinfonieorchester, Andr\u00e9s Orozco-Estrada<\/a><\/li><li><a href=\"https:\/\/www.youtube.com\/watch?v=esD90diWZds&amp;t=815s\" data-type=\"URL\" data-id=\"https:\/\/www.youtube.com\/watch?v=esD90diWZds&amp;t=815s\" target=\"_blank\" rel=\"noreferrer noopener\">Concertgebouw Orchestra, Andris Nelsons<\/a><\/li><\/ul>\n\n\n\n<p>Ziffer 134<\/p>\n\n\n\n<ul class=\"wp-block-list\"><li><a href=\"https:\/\/www.youtube.com\/watch?v=Fzp89DVuUlI&amp;t=1036s\" data-type=\"URL\" data-id=\"https:\/\/www.youtube.com\/watch?v=Fzp89DVuUlI&amp;t=1036s\" target=\"_blank\" rel=\"noreferrer noopener\">hr-Sinfonieorchester, Andr\u00e9s Orozco-Estrada<\/a><\/li><li><a href=\"https:\/\/www.youtube.com\/watch?v=esD90diWZds&amp;t=1021s\" data-type=\"URL\" data-id=\"https:\/\/www.youtube.com\/watch?v=esD90diWZds&amp;t=1021s\" target=\"_blank\" rel=\"noreferrer noopener\">Concertgebouw Orchestra, Andris Nelsons<\/a><\/li><\/ul>\n\n\n\n<p>vor 141 und die n\u00e4chste Stelle<\/p>\n\n\n\n<ul class=\"wp-block-list\"><li><a href=\"https:\/\/www.youtube.com\/watch?v=Fzp89DVuUlI&amp;t=1083s\" data-type=\"URL\" data-id=\"https:\/\/www.youtube.com\/watch?v=Fzp89DVuUlI&amp;t=1083s\" target=\"_blank\" rel=\"noreferrer noopener\">hr-Sinfonieorchester, Andr\u00e9s Orozco-Estrada<\/a><\/li><li><a href=\"https:\/\/www.youtube.com\/watch?v=esD90diWZds&amp;t=1067s\" data-type=\"URL\" data-id=\"https:\/\/www.youtube.com\/watch?v=esD90diWZds&amp;t=1067s\" target=\"_blank\" rel=\"noreferrer noopener\">Concertgebouw Orchestra, Andris Nelsons<\/a><\/li><\/ul>\n\n\n\n<p>Ziffer 151<\/p>\n\n\n\n<ul class=\"wp-block-list\"><li><a href=\"https:\/\/www.youtube.com\/watch?v=Fzp89DVuUlI&amp;t=1212s\" data-type=\"URL\" data-id=\"https:\/\/www.youtube.com\/watch?v=Fzp89DVuUlI&amp;t=1212s\" target=\"_blank\" rel=\"noreferrer noopener\">hr-Sinfonieorchester, Andr\u00e9s Orozco-Estrada<\/a><\/li><li><a href=\"\/\/www.youtube.com\/watch?v=esD90diWZds&amp;t=1195s\" data-type=\"URL\" data-id=\"ttps:\/\/www.youtube.com\/watch?v=esD90diWZds&amp;t=1195s\" target=\"_blank\" rel=\"noreferrer noopener\">Concertgebouw Orchestra, Andris Nelson<\/a>s<\/li><\/ul>\n\n\n\n<p>Ziffer 183<\/p>\n\n\n\n<ul class=\"wp-block-list\"><li><a href=\"https:\/\/www.youtube.com\/watch?v=Fzp89DVuUlI&amp;t=1460s\" data-type=\"URL\" data-id=\"https:\/\/www.youtube.com\/watch?v=Fzp89DVuUlI&amp;t=1460s\" target=\"_blank\" rel=\"noreferrer noopener\">hr-Sinfonieorchester, Andr\u00e9s Orozco-Estrada<\/a><\/li><li><a href=\"https:\/\/www.youtube.com\/watch?v=esD90diWZds&amp;t=1434s\" data-type=\"URL\" data-id=\"https:\/\/www.youtube.com\/watch?v=esD90diWZds&amp;t=1434s\" target=\"_blank\" rel=\"noreferrer noopener\">Concertgebouw Orchestra, Andris Nelsons<\/a><\/li><\/ul>\n\n\n\n<p>Ziffer 252<\/p>\n\n\n\n<ul class=\"wp-block-list\"><li><a href=\"https:\/\/www.youtube.com\/watch?v=Fzp89DVuUlI&amp;t=1878s\" data-type=\"URL\" data-id=\"https:\/\/www.youtube.com\/watch?v=Fzp89DVuUlI&amp;t=1878s\" target=\"_blank\" rel=\"noreferrer noopener\">hr-Sinfonieorchester, Andr\u00e9s Orozco-Estrada<\/a><\/li><li><a href=\"https:\/\/www.youtube.com\/watch?v=esD90diWZds&amp;t=1844s\" data-type=\"URL\" data-id=\"https:\/\/www.youtube.com\/watch?v=esD90diWZds&amp;t=1844s\" target=\"_blank\" rel=\"noreferrer noopener\">Concertgebouw Orchestra, Andris Nelsons<\/a><\/li><\/ul>\n\n\n\n<p>Ziffer 265<\/p>\n\n\n\n<ul class=\"wp-block-list\"><li><a href=\"https:\/\/www.youtube.com\/watch?v=Fzp89DVuUlI&amp;t=2056s\" data-type=\"URL\" data-id=\"https:\/\/www.youtube.com\/watch?v=Fzp89DVuUlI&amp;t=2056s\" target=\"_blank\" rel=\"noreferrer noopener\">hr-Sinfonieorchester, Andr\u00e9s Orozco-Estrada<\/a><\/li><li><a href=\"https:\/\/www.youtube.com\/watch?v=esD90diWZds&amp;t=2011s\" data-type=\"URL\" data-id=\"https:\/\/www.youtube.com\/watch?v=esD90diWZds&amp;t=2011s\" target=\"_blank\" rel=\"noreferrer noopener\">Concertgebouw Orchestra, Andris Nelsons<\/a><\/li><\/ul>\n\n\n\n<p><a rel=\"noreferrer noopener\" href=\"https:\/\/www.youtube.com\/watch?v=34q6mmxcGu0\" target=\"_blank\">Philip Smith, Solotrompeter NY Philharmonic, Erl\u00e4uterung (englisch)<\/a><\/p>\n\n\n\n<h4 class=\"wp-block-heading\"><strong>Le Sacre du Printemps<\/strong><\/h4>\n\n\n\n<p>Ziffer 10<\/p>\n\n\n\n<ul class=\"wp-block-list\"><li><a rel=\"noreferrer noopener\" href=\"https:\/\/www.youtube.com\/watch?v=Z5wX88ZsX8s&amp;t=2m22s\" target=\"_blank\">WDR Sinfonieorchester, Semyon Bychkov<\/a><\/li><\/ul>\n\n\n\n<h4 class=\"wp-block-heading\"><strong>Le Chant du Rossignol<\/strong><\/h4>\n\n\n\n<p>Ziffer 22, Marche chinoise<\/p>\n\n\n\n<ul class=\"wp-block-list\"><li><a href=\"https:\/\/www.youtube.com\/watch?v=zTYqJGvEBsg&amp;t=234s\" data-type=\"URL\" data-id=\"https:\/\/www.youtube.com\/watch?v=zTYqJGvEBsg&amp;t=234s\" target=\"_blank\" rel=\"noreferrer noopener\">hr-Sinfonieorchester, Juraj Val\u010duha<\/a><\/li><li><a href=\"https:\/\/www.youtube.com\/watch?v=3eDAgO--N3k&amp;t=219s\" data-type=\"URL\" data-id=\"https:\/\/www.youtube.com\/watch?v=3eDAgO--N3k&amp;t=219s\" target=\"_blank\" rel=\"noreferrer noopener\">L&#8217;Orchestre Philharmonique de Radio France, John Adams<\/a><\/li><\/ul>\n\n\n\n<p>Ziffer 31, Tempo giusto<\/p>\n\n\n\n<ul class=\"wp-block-list\"><li><a href=\"https:\/\/www.youtube.com\/watch?v=zTYqJGvEBsg&amp;t=342s\" data-type=\"URL\" data-id=\"https:\/\/www.youtube.com\/watch?v=zTYqJGvEBsg&amp;t=342s\" target=\"_blank\" rel=\"noreferrer noopener\">hr-Sinfonieorchester, Juraj Val\u010duha<\/a><\/li><li><a href=\"https:\/\/www.youtube.com\/watch?v=3eDAgO--N3k&amp;t=332s\" data-type=\"URL\" data-id=\"https:\/\/www.youtube.com\/watch?v=3eDAgO--N3k&amp;t=332s\" target=\"_blank\" rel=\"noreferrer noopener\">L&#8217;Orchestre Philharmonique de Radio France, John Adams<\/a><\/li><\/ul>\n\n\n\n<p>Ziffer 55, Vivace<\/p>\n\n\n\n<ul class=\"wp-block-list\"><li><a href=\"https:\/\/www.youtube.com\/watch?v=zTYqJGvEBsg&amp;t=613s\" data-type=\"URL\" data-id=\"https:\/\/www.youtube.com\/watch?v=zTYqJGvEBsg&amp;t=613s\" target=\"_blank\" rel=\"noreferrer noopener\">hr-Sinfonieorchester, Juraj Val\u010duha<\/a><\/li><li><a href=\"https:\/\/www.youtube.com\/watch?v=3eDAgO--N3k&amp;t=616s\" data-type=\"URL\" data-id=\"https:\/\/www.youtube.com\/watch?v=3eDAgO--N3k&amp;t=616s\" target=\"_blank\" rel=\"noreferrer noopener\">L&#8217;Orchestre Philharmonique de Radio France, John Adams<\/a><\/li><\/ul>\n\n\n\n<p>ZIffer 68, Larghetto<\/p>\n\n\n\n<ul class=\"wp-block-list\"><li><a href=\"https:\/\/www.youtube.com\/watch?v=zTYqJGvEBsg&amp;t=760s\" data-type=\"URL\" data-id=\"https:\/\/www.youtube.com\/watch?v=zTYqJGvEBsg&amp;t=760s\" target=\"_blank\" rel=\"noreferrer noopener\">hr-Sinfonieorchester, Juraj Val\u010duha<\/a><\/li><li><a href=\"https:\/\/www.youtube.com\/watch?v=3eDAgO--N3k&amp;t=758s\" data-type=\"URL\" data-id=\"https:\/\/www.youtube.com\/watch?v=3eDAgO--N3k&amp;t=758s\" target=\"_blank\" rel=\"noreferrer noopener\">L&#8217;Orchestre Philharmonique de Radio France, John Adams<\/a><\/li><\/ul>\n\n\n\n<p>Ziffer 76, molto ritmico<\/p>\n\n\n\n<ul class=\"wp-block-list\"><li><a href=\"https:\/\/www.youtube.com\/watch?v=zTYqJGvEBsg&amp;t=894s\" data-type=\"URL\" data-id=\"https:\/\/www.youtube.com\/watch?v=zTYqJGvEBsg&amp;t=894s\" target=\"_blank\" rel=\"noreferrer noopener\">hr-Sinfonieorchester, Juraj Val\u010duha<\/a><\/li><li><a href=\"https:\/\/www.youtube.com\/watch?v=3eDAgO--N3k&amp;t=883s\" data-type=\"URL\" data-id=\"https:\/\/www.youtube.com\/watch?v=3eDAgO--N3k&amp;t=883s\" target=\"_blank\" rel=\"noreferrer noopener\">L&#8217;Orchestre Philharmonique de Radio France, John Adams<\/a><\/li><\/ul>\n\n\n\n<p>Ziffer 96, Tranquillo<\/p>\n\n\n\n<ul class=\"wp-block-list\"><li><a href=\"https:\/\/www.youtube.com\/watch?v=zTYqJGvEBsg&amp;t=1280s\" data-type=\"URL\" data-id=\"https:\/\/www.youtube.com\/watch?v=zTYqJGvEBsg&amp;t=1280s\" target=\"_blank\" rel=\"noreferrer noopener\">hr-Sinfonieorchester, Juraj Val\u010duha<\/a><\/li><li><a href=\"https:\/\/www.youtube.com\/watch?v=3eDAgO--N3k&amp;t=1252s\" data-type=\"URL\" data-id=\"https:\/\/www.youtube.com\/watch?v=3eDAgO--N3k&amp;t=1252s\" target=\"_blank\" rel=\"noreferrer noopener\">L&#8217;Orchestre Philharmonique de Radio France, John Adams<\/a><\/li><\/ul>\n\n\n\n<h4 class=\"wp-block-heading\">Pulcinella<\/h4>\n\n\n\n<p><strong>Nr. 5 Toccata<\/strong><\/p>\n\n\n\n<p>Allegro<\/p>\n\n\n\n<ul class=\"wp-block-list\"><li><a href=\"https:\/\/www.youtube.com\/watch?v=J_E7w9P8x5o&amp;t=756s\" data-type=\"URL\" data-id=\"https:\/\/www.youtube.com\/watch?v=J_E7w9P8x5o&amp;t=756s\" target=\"_blank\" rel=\"noreferrer noopener\">Los Angeles Chamber Orchestra, Jaime Mart\u00edn<\/a><\/li><li><a href=\"https:\/\/www.youtube.com\/watch?v=37L6kyNjD4s&amp;t=876s\" data-type=\"URL\" data-id=\"https:\/\/www.youtube.com\/watch?v=37L6kyNjD4s&amp;t=876s\" target=\"_blank\" rel=\"noreferrer noopener\">Mito Chamber Orchestra, Seiji Ozawa<\/a><\/li><li><a href=\"https:\/\/www.youtube.com\/watch?v=c2IPuB2UlDI&amp;t=724s\" data-type=\"URL\" data-id=\"https:\/\/www.youtube.com\/watch?v=c2IPuB2UlDI&amp;t=724s\" target=\"_blank\" rel=\"noreferrer noopener\">Tonhalle Orchester Z\u00fcrich, Alondra de la Parra<\/a><\/li><\/ul>\n\n\n\n<p><strong>Nr. 10 Finale<\/strong><\/p>\n\n\n\n<p>Allegro assai<\/p>\n\n\n\n<ul class=\"wp-block-list\"><li><a href=\"https:\/\/www.youtube.com\/watch?v=J_E7w9P8x5o&amp;t=1318s\" data-type=\"URL\" data-id=\"https:\/\/www.youtube.com\/watch?v=J_E7w9P8x5o&amp;t=1318s\" target=\"_blank\" rel=\"noreferrer noopener\">Los Angeles Chamber Orchestra, Jaime Mart\u00edn<\/a><\/li><li><a href=\"https:\/\/www.youtube.com\/watch?v=37L6kyNjD4s&amp;t=1426s\" data-type=\"URL\" data-id=\"https:\/\/www.youtube.com\/watch?v=37L6kyNjD4s&amp;t=1426s\" target=\"_blank\" rel=\"noreferrer noopener\">Mito Chamber Orchestra, Seiji Ozawa<\/a><\/li><li><a href=\"https:\/\/www.youtube.com\/watch?v=c2IPuB2UlDI&amp;t=1310s\" data-type=\"URL\" data-id=\"https:\/\/www.youtube.com\/watch?v=c2IPuB2UlDI&amp;t=1310s\" target=\"_blank\" rel=\"noreferrer noopener\">Tonhalle Orchester Z\u00fcrich, Alondra de la Parra<\/a><\/li><\/ul>\n\n\n\n<p><a href=\"https:\/\/trompeten-stellen.de\/\" data-type=\"page\" data-id=\"11\">zur\u00fcck<\/a><\/p>\n","protected":false},"excerpt":{"rendered":"<p>Igor Strawinsky (1882-1971) Der Feuervogel (Ballettsuite) Infernal Dance Ziffer 87, Vivo hr-Sinfonieorchester, Andr\u00e9s Orozco-Estrada NDR Sinfonieorchester, G\u00fcnter Wand Ziffer 99 hr-Sinfonieorchester, Andr\u00e9s Orozco-Estrada NDR Sinfonieorchester, G\u00fcnter Wand Ziffer 120 hr-Sinfonieorchester, Andr\u00e9s Orozco-Estrada NDR Sinfonieorchester, G\u00fcnter Wand Petruschka Ziffer 116 und die n\u00e4chste Stelle hr-Sinfonieorchester, Andr\u00e9s Orozco-Estrada Concertgebouw Orchestra, Andris Nelsons Ziffer 134 hr-Sinfonieorchester, Andr\u00e9s Orozco-Estrada [&hellip;]<\/p>\n","protected":false},"author":1,"featured_media":0,"parent":0,"menu_order":0,"comment_status":"closed","ping_status":"closed","template":"","meta":{"footnotes":""},"class_list":["post-49","page","type-page","status-publish","hentry"],"_links":{"self":[{"href":"https:\/\/www.trompeten-stellen.de\/index.php?rest_route=\/wp\/v2\/pages\/49","targetHints":{"allow":["GET"]}}],"collection":[{"href":"https:\/\/www.trompeten-stellen.de\/index.php?rest_route=\/wp\/v2\/pages"}],"about":[{"href":"https:\/\/www.trompeten-stellen.de\/index.php?rest_route=\/wp\/v2\/types\/page"}],"author":[{"embeddable":true,"href":"https:\/\/www.trompeten-stellen.de\/index.php?rest_route=\/wp\/v2\/users\/1"}],"replies":[{"embeddable":true,"href":"https:\/\/www.trompeten-stellen.de\/index.php?rest_route=%2Fwp%2Fv2%2Fcomments&post=49"}],"version-history":[{"count":9,"href":"https:\/\/www.trompeten-stellen.de\/index.php?rest_route=\/wp\/v2\/pages\/49\/revisions"}],"predecessor-version":[{"id":510,"href":"https:\/\/www.trompeten-stellen.de\/index.php?rest_route=\/wp\/v2\/pages\/49\/revisions\/510"}],"wp:attachment":[{"href":"https:\/\/www.trompeten-stellen.de\/index.php?rest_route=%2Fwp%2Fv2%2Fmedia&parent=49"}],"curies":[{"name":"wp","href":"https:\/\/api.w.org\/{rel}","templated":true}]}}