{"id":40,"date":"2021-03-01T10:03:40","date_gmt":"2021-03-01T10:03:40","guid":{"rendered":"http:\/\/orchesterstellen.rheinbrass.de\/?page_id=40"},"modified":"2021-03-11T09:21:24","modified_gmt":"2021-03-11T08:21:24","slug":"mozart-wolfgang-amadeus","status":"publish","type":"page","link":"https:\/\/www.trompeten-stellen.de\/?page_id=40","title":{"rendered":"MOZART"},"content":{"rendered":"\n<h3 class=\"wp-block-heading\">Wolfgang Amadeus Mozart (1756-1791)<\/h3>\n\n\n\n<h4 class=\"wp-block-heading\"><strong>Die Hochzeit des Figaro<\/strong><\/h4>\n\n\n\n<p><strong>1. Akt<\/strong><\/p>\n\n\n\n<p>Nr. 10 Arie des Figaro &#8222;Non pi\u00f9 andrai&#8220;<\/p>\n\n\n\n<ul class=\"wp-block-list\"><li><a rel=\"noreferrer noopener\" href=\"https:\/\/www.youtube.com\/watch?v=BzLpbV5hrAA&amp;t=2734s\" data-type=\"URL\" data-id=\"https:\/\/www.youtube.com\/watch?v=BzLpbV5hrAA&amp;t=2734s\" target=\"_blank\">Orchestra del Teatro alla Scala, Franz Welser-M\u00f6st<\/a><\/li><li><a href=\"https:\/\/www.youtube.com\/watch?v=Qbmgmkpy4H4&amp;t=2638s\" data-type=\"URL\" data-id=\"https:\/\/www.youtube.com\/watch?v=Qbmgmkpy4H4&amp;t=2638s\" target=\"_blank\" rel=\"noreferrer noopener\">Komische Oper Berlin, Geza Oberfrank<\/a><\/li><\/ul>\n\n\n\n<h4 class=\"wp-block-heading\">Die Zauberfl\u00f6te<\/h4>\n\n\n\n<p><strong>1. Akt<\/strong><\/p>\n\n\n\n<p>17. Auftritt Allegro maestoso<\/p>\n\n\n\n<ul class=\"wp-block-list\"><li><a rel=\"noreferrer noopener\" href=\"https:\/\/www.youtube.com\/watch?v=TGmdaDp9Yoc&amp;t=3378s\" data-type=\"URL\" data-id=\"https:\/\/www.youtube.com\/watch?v=TGmdaDp9Yoc&amp;t=3378s\" target=\"_blank\">Salzburger Festspiele, Wiener Philharmoniker, Constantinos Carydis<\/a><\/li><li><a rel=\"noreferrer noopener\" href=\"https:\/\/www.youtube.com\/watch?v=vDDDQ20aBEs&amp;t=4017s\" data-type=\"URL\" data-id=\"https:\/\/www.youtube.com\/watch?v=vDDDQ20aBEs&amp;t=4017s\" target=\"_blank\">Teatro alla Scala, Riccardo Muti<\/a><\/li><li><a href=\"https:\/\/www.youtube.com\/watch?v=et27CpqBvBE&amp;t=2923s\" data-type=\"URL\" data-id=\"https:\/\/www.youtube.com\/watch?v=et27CpqBvBE&amp;t=2923s\" target=\"_blank\" rel=\"noreferrer noopener\">Drottningholm Court Theater, Arnold \u00d6stman<\/a> (alte Instrumente?)<\/li><\/ul>\n\n\n\n<p><a href=\"https:\/\/trompeten-stellen.de\/\" data-type=\"page\" data-id=\"11\">zur\u00fcck<\/a><\/p>\n","protected":false},"excerpt":{"rendered":"<p>Wolfgang Amadeus Mozart (1756-1791) Die Hochzeit des Figaro 1. Akt Nr. 10 Arie des Figaro &#8222;Non pi\u00f9 andrai&#8220; Orchestra del Teatro alla Scala, Franz Welser-M\u00f6st Komische Oper Berlin, Geza Oberfrank Die Zauberfl\u00f6te 1. Akt 17. Auftritt Allegro maestoso Salzburger Festspiele, Wiener Philharmoniker, Constantinos Carydis Teatro alla Scala, Riccardo Muti Drottningholm Court Theater, Arnold \u00d6stman (alte [&hellip;]<\/p>\n","protected":false},"author":1,"featured_media":0,"parent":0,"menu_order":0,"comment_status":"closed","ping_status":"closed","template":"","meta":{"footnotes":""},"class_list":["post-40","page","type-page","status-publish","hentry"],"_links":{"self":[{"href":"https:\/\/www.trompeten-stellen.de\/index.php?rest_route=\/wp\/v2\/pages\/40","targetHints":{"allow":["GET"]}}],"collection":[{"href":"https:\/\/www.trompeten-stellen.de\/index.php?rest_route=\/wp\/v2\/pages"}],"about":[{"href":"https:\/\/www.trompeten-stellen.de\/index.php?rest_route=\/wp\/v2\/types\/page"}],"author":[{"embeddable":true,"href":"https:\/\/www.trompeten-stellen.de\/index.php?rest_route=\/wp\/v2\/users\/1"}],"replies":[{"embeddable":true,"href":"https:\/\/www.trompeten-stellen.de\/index.php?rest_route=%2Fwp%2Fv2%2Fcomments&post=40"}],"version-history":[{"count":9,"href":"https:\/\/www.trompeten-stellen.de\/index.php?rest_route=\/wp\/v2\/pages\/40\/revisions"}],"predecessor-version":[{"id":484,"href":"https:\/\/www.trompeten-stellen.de\/index.php?rest_route=\/wp\/v2\/pages\/40\/revisions\/484"}],"wp:attachment":[{"href":"https:\/\/www.trompeten-stellen.de\/index.php?rest_route=%2Fwp%2Fv2%2Fmedia&parent=40"}],"curies":[{"name":"wp","href":"https:\/\/api.w.org\/{rel}","templated":true}]}}