{"id":27,"date":"2021-03-01T10:03:40","date_gmt":"2021-03-01T10:03:40","guid":{"rendered":"http:\/\/orchesterstellen.rheinbrass.de\/?page_id=27"},"modified":"2021-03-07T14:07:50","modified_gmt":"2021-03-07T13:07:50","slug":"auber-daniel","status":"publish","type":"page","link":"https:\/\/www.trompeten-stellen.de\/?page_id=27","title":{"rendered":"AUBER"},"content":{"rendered":"\n<h3 class=\"wp-block-heading\">Daniel Auber (1782-1871)<\/h3>\n\n\n\n<h4 class=\"wp-block-heading\">Fra Diavolo<\/h4>\n\n\n\n<p><strong>Ouvert\u00fcre<\/strong><\/p>\n\n\n\n<ul class=\"wp-block-list\"><li><a rel=\"noreferrer noopener\" href=\"https:\/\/www.youtube.com\/watch?v=1HRa0cZkVFI&amp;t=3m23s\" target=\"_blank\">N\u00fcrnberger Symphoniker, Hanspeter Gm\u00fcr<\/a><\/li><li><a rel=\"noreferrer noopener\" href=\"https:\/\/www.youtube.com\/watch?v=dPn0h1_pT04&amp;t=4m29s\" target=\"_blank\">Theater am G\u00e4rtnerplatz M\u00fcnchen, Peter Falk<\/a><\/li><\/ul>\n\n\n\n<p><a href=\"https:\/\/trompeten-stellen.de\/\" data-type=\"page\" data-id=\"11\">zur\u00fcck<\/a><\/p>\n","protected":false},"excerpt":{"rendered":"<p>Daniel Auber (1782-1871) Fra Diavolo Ouvert\u00fcre N\u00fcrnberger Symphoniker, Hanspeter Gm\u00fcr Theater am G\u00e4rtnerplatz M\u00fcnchen, Peter Falk zur\u00fcck<\/p>\n","protected":false},"author":1,"featured_media":0,"parent":0,"menu_order":0,"comment_status":"closed","ping_status":"closed","template":"","meta":{"footnotes":""},"class_list":["post-27","page","type-page","status-publish","hentry"],"_links":{"self":[{"href":"https:\/\/www.trompeten-stellen.de\/index.php?rest_route=\/wp\/v2\/pages\/27","targetHints":{"allow":["GET"]}}],"collection":[{"href":"https:\/\/www.trompeten-stellen.de\/index.php?rest_route=\/wp\/v2\/pages"}],"about":[{"href":"https:\/\/www.trompeten-stellen.de\/index.php?rest_route=\/wp\/v2\/types\/page"}],"author":[{"embeddable":true,"href":"https:\/\/www.trompeten-stellen.de\/index.php?rest_route=\/wp\/v2\/users\/1"}],"replies":[{"embeddable":true,"href":"https:\/\/www.trompeten-stellen.de\/index.php?rest_route=%2Fwp%2Fv2%2Fcomments&post=27"}],"version-history":[{"count":10,"href":"https:\/\/www.trompeten-stellen.de\/index.php?rest_route=\/wp\/v2\/pages\/27\/revisions"}],"predecessor-version":[{"id":401,"href":"https:\/\/www.trompeten-stellen.de\/index.php?rest_route=\/wp\/v2\/pages\/27\/revisions\/401"}],"wp:attachment":[{"href":"https:\/\/www.trompeten-stellen.de\/index.php?rest_route=%2Fwp%2Fv2%2Fmedia&parent=27"}],"curies":[{"name":"wp","href":"https:\/\/api.w.org\/{rel}","templated":true}]}}