{"id":11,"date":"2021-02-28T16:40:26","date_gmt":"2021-02-28T16:40:26","guid":{"rendered":"http:\/\/orchesterstellen.rheinbrass.de\/?page_id=11"},"modified":"2026-02-25T08:18:10","modified_gmt":"2026-02-25T07:18:10","slug":"erste-versuche-mit-wordpress","status":"publish","type":"page","link":"https:\/\/www.trompeten-stellen.de\/","title":{"rendered":"Eine Idee aus der Corona-Zeit"},"content":{"rendered":"\n\n\n<p><a href=\"https:\/\/trompeten-stellen.de\/?page_id=352\" data-type=\"page\" data-id=\"352\">Meine<\/a> Idee war es, Links zu YouTube-Videos* passend zu den Orchesterstellen aus dem sogenannten &#8222;Goldenen Heft&#8220;** f\u00fcr Trompete zusammenzufassen und auf einer Seite verf\u00fcgbar zu machen.<\/p>\n\n\n\n<p><strong>Ein gro\u00dfes Dankesch\u00f6n an meinen Orchester- und Hochschulkollegen Professor Peter M\u00f6nkediek f\u00fcr seine Unterst\u00fctzung und Hilfe &#8211; ohne ihn w\u00e4re diese Seite nicht so schnell fertig geworden!<\/strong><\/p>\n\n\n\n<p>F\u00fcr Fehlermeldungen\/Hinweise\/W\u00fcnsche\/Danksagungen \ud83d\ude09 E-Mail an mich: <a href=\"mailto:peter.roth@rheinbrass.de?subject=Orchesterstellen-Seite\" target=\"_blank\" rel=\"noreferrer noopener\">peter.roth@rheinbrass.de<\/a>.<\/p>\n\n\n\n<p><a href=\"https:\/\/trompeten-stellen.de\/?page_id=288\" data-type=\"page\" data-id=\"288\">Letztes Update 25.  Februar <\/a><a href=\"https:\/\/www.trompeten-stellen.de\/?page_id=288\" data-type=\"page\" data-id=\"288\">2026<\/a><\/p>\n\n\n\n\n\n<p>FUSSNOTEN<\/p>\n\n\n\n<div class=\"wp-block-group\"><div class=\"wp-block-group__inner-container is-layout-flow wp-block-group-is-layout-flow\">\n<p>* Die Werbung auf YouTube kann ich nicht beeinflussen. <strong>Nat\u00fcrlich f\u00fchren die Links extern zu Youtube. Wer das nicht m\u00f6chte, sollte diese Seite verlassen&#8230;<\/strong><\/p>\n\n\n\n<p>** Das &#8222;Goldene Heft&#8220; ist vom Verlag Edition Peters.<\/p>\n<\/div><\/div>\n\n\n\n<p><\/p>\n","protected":false},"excerpt":{"rendered":"<p>Meine Idee war es, Links zu YouTube-Videos* passend zu den Orchesterstellen aus dem sogenannten &#8222;Goldenen Heft&#8220;** f\u00fcr Trompete zusammenzufassen und auf einer Seite verf\u00fcgbar zu machen. Ein gro\u00dfes Dankesch\u00f6n an meinen Orchester- und Hochschulkollegen Professor Peter M\u00f6nkediek f\u00fcr seine Unterst\u00fctzung und Hilfe &#8211; ohne ihn w\u00e4re diese Seite nicht so schnell fertig geworden! F\u00fcr Fehlermeldungen\/Hinweise\/W\u00fcnsche\/Danksagungen [&hellip;]<\/p>\n","protected":false},"author":1,"featured_media":0,"parent":0,"menu_order":0,"comment_status":"closed","ping_status":"closed","template":"","meta":{"footnotes":""},"class_list":["post-11","page","type-page","status-publish","hentry"],"_links":{"self":[{"href":"https:\/\/www.trompeten-stellen.de\/index.php?rest_route=\/wp\/v2\/pages\/11","targetHints":{"allow":["GET"]}}],"collection":[{"href":"https:\/\/www.trompeten-stellen.de\/index.php?rest_route=\/wp\/v2\/pages"}],"about":[{"href":"https:\/\/www.trompeten-stellen.de\/index.php?rest_route=\/wp\/v2\/types\/page"}],"author":[{"embeddable":true,"href":"https:\/\/www.trompeten-stellen.de\/index.php?rest_route=\/wp\/v2\/users\/1"}],"replies":[{"embeddable":true,"href":"https:\/\/www.trompeten-stellen.de\/index.php?rest_route=%2Fwp%2Fv2%2Fcomments&post=11"}],"version-history":[{"count":65,"href":"https:\/\/www.trompeten-stellen.de\/index.php?rest_route=\/wp\/v2\/pages\/11\/revisions"}],"predecessor-version":[{"id":674,"href":"https:\/\/www.trompeten-stellen.de\/index.php?rest_route=\/wp\/v2\/pages\/11\/revisions\/674"}],"wp:attachment":[{"href":"https:\/\/www.trompeten-stellen.de\/index.php?rest_route=%2Fwp%2Fv2%2Fmedia&parent=11"}],"curies":[{"name":"wp","href":"https:\/\/api.w.org\/{rel}","templated":true}]}}